{"id":1262,"date":"2024-02-12T08:05:00","date_gmt":"2024-02-12T07:05:00","guid":{"rendered":"https:\/\/gopsradymno.pl\/?page_id=1262"},"modified":"2024-08-08T22:25:10","modified_gmt":"2024-08-08T20:25:10","slug":"standardy-ochrony-maloletnich","status":"publish","type":"page","link":"https:\/\/gopsradymno.pl\/index.php\/standardy-ochrony-maloletnich\/","title":{"rendered":"STANDARDY OCHRONY MA\u0141OLETNICH"},"content":{"rendered":"\n<ul class=\"wp-block-list\">\n<li><a href=\"https:\/\/gopsradymno.pl\/wp-content\/uploads\/2024\/08\/S_O_M.pdf\">Standardy Ochrony Ma\u0142oletnich<\/a><\/li>\n\n\n\n<li><a href=\"https:\/\/gopsradymno.pl\/wp-content\/uploads\/2024\/08\/S_O_M_skr.pdf\">Standardy Ochrony Ma\u0142oletnich-wersja skr\u00f3cona dla ma\u0142oletnich<\/a><\/li>\n<\/ul>\n","protected":false},"excerpt":{"rendered":"<p> <a class=\"continue-reading-link\" href=\"https:\/\/gopsradymno.pl\/index.php\/standardy-ochrony-maloletnich\/\"><span>Wi\u0119cej<\/span><i class=\"crycon-right-dir\"><\/i><\/a> <\/p>\n","protected":false},"author":2,"featured_media":0,"parent":0,"menu_order":0,"comment_status":"closed","ping_status":"closed","template":"","meta":{"footnotes":""},"class_list":["post-1262","page","type-page","status-publish","hentry"],"_links":{"self":[{"href":"https:\/\/gopsradymno.pl\/index.php\/wp-json\/wp\/v2\/pages\/1262","targetHints":{"allow":["GET"]}}],"collection":[{"href":"https:\/\/gopsradymno.pl\/index.php\/wp-json\/wp\/v2\/pages"}],"about":[{"href":"https:\/\/gopsradymno.pl\/index.php\/wp-json\/wp\/v2\/types\/page"}],"author":[{"embeddable":true,"href":"https:\/\/gopsradymno.pl\/index.php\/wp-json\/wp\/v2\/users\/2"}],"replies":[{"embeddable":true,"href":"https:\/\/gopsradymno.pl\/index.php\/wp-json\/wp\/v2\/comments?post=1262"}],"version-history":[{"count":3,"href":"https:\/\/gopsradymno.pl\/index.php\/wp-json\/wp\/v2\/pages\/1262\/revisions"}],"predecessor-version":[{"id":1267,"href":"https:\/\/gopsradymno.pl\/index.php\/wp-json\/wp\/v2\/pages\/1262\/revisions\/1267"}],"wp:attachment":[{"href":"https:\/\/gopsradymno.pl\/index.php\/wp-json\/wp\/v2\/media?parent=1262"}],"curies":[{"name":"wp","href":"https:\/\/api.w.org\/{rel}","templated":true}]}}