{"id":240,"date":"2016-03-07T01:29:30","date_gmt":"2016-03-07T00:29:30","guid":{"rendered":"https:\/\/gopsradymno.pl\/?page_id=240"},"modified":"2024-08-01T23:16:07","modified_gmt":"2024-08-01T21:16:07","slug":"kadra","status":"publish","type":"page","link":"https:\/\/gopsradymno.pl\/index.php\/kadra\/","title":{"rendered":"Kadra"},"content":{"rendered":"\n<div class=\"wp-block-group\"><div class=\"wp-block-group__inner-container is-layout-constrained wp-block-group-is-layout-constrained\">\n<figure class=\"wp-block-table\"><table><tbody><tr><td><strong>Stanowisko<\/strong><\/td><td class=\"has-text-align-center\" data-align=\"center\"><strong>Nr pokoju<\/strong><strong><\/strong><\/td><td><strong>Telefon<\/strong><strong><\/strong><\/td><\/tr><tr><td><strong>Kierownik<\/strong> <strong>Alicja Korecka-Jacek<\/strong><\/td><td class=\"has-text-align-center\" data-align=\"center\">2<\/td><td>(16) 628 11 38 wew. 28<\/td><\/tr><tr><td><strong>G\u0142\u00f3wny Ksi\u0119gowy Barbara Przytu\u0142a<\/strong><\/td><td class=\"has-text-align-center\" data-align=\"center\">2<\/td><td>(16) 628 11 38 wew. 28<\/td><\/tr><tr><td><strong>Sekretariat, Karta Du\u017cej Rodziny, Stypendia szkolne<\/strong><\/td><td class=\"has-text-align-center\" data-align=\"center\">4<\/td><td>16) 628 11 38 wew. 36<\/td><\/tr><tr><td><strong>\u015awiadczenia rodzinne,&nbsp;Fundusz alimentacyjny<\/strong><\/td><td class=\"has-text-align-center\" data-align=\"center\">1<\/td><td>16) 628 11 38 wew. 44<\/td><\/tr><tr><td><strong>Pomoc spo\u0142eczna (pracownicy socjalni)<\/strong> <strong>Dodatki mieszkaniowe<\/strong><\/td><td class=\"has-text-align-center\" data-align=\"center\">3<\/td><td>(16) 628 10 05 (16) 628 11 38 wew. 32<\/td><\/tr><tr><td><strong>Asystent rodziny<\/strong><\/td><td class=\"has-text-align-center\" data-align=\"center\">3<\/td><td>16) 628 10 05 (16) 628 11 38 wew. 32<\/td><\/tr><\/tbody><\/table><\/figure>\n<\/div><\/div>\n","protected":false},"excerpt":{"rendered":"<p>Stanowisko Nr pokoju Telefon Kierownik Alicja Korecka-Jacek 2 (16) 628 11 38 wew. 28 G\u0142\u00f3wny Ksi\u0119gowy Barbara Przytu\u0142a 2 (16) 628 11 38 wew. 28 Sekretariat, Karta Du\u017cej Rodziny, Stypendia szkolne 4 16) 628 11 38 wew. 36 \u015awiadczenia rodzinne,&nbsp;Fundusz alimentacyjny 1 16) 628 11 38 wew. 44 Pomoc spo\u0142eczna (pracownicy socjalni) Dodatki mieszkaniowe 3 (16) 628 10 05 (16) 628 11 38 wew. 32 Asystent rodziny 3 16) 628 10 05 (16) 628 11 38 wew. 32<\/p>\n<p> <a class=\"continue-reading-link\" href=\"https:\/\/gopsradymno.pl\/index.php\/kadra\/\"><span>Wi\u0119cej<\/span><i class=\"crycon-right-dir\"><\/i><\/a> <\/p>\n","protected":false},"author":2,"featured_media":0,"parent":0,"menu_order":0,"comment_status":"closed","ping_status":"closed","template":"","meta":{"footnotes":""},"class_list":["post-240","page","type-page","status-publish","hentry"],"_links":{"self":[{"href":"https:\/\/gopsradymno.pl\/index.php\/wp-json\/wp\/v2\/pages\/240","targetHints":{"allow":["GET"]}}],"collection":[{"href":"https:\/\/gopsradymno.pl\/index.php\/wp-json\/wp\/v2\/pages"}],"about":[{"href":"https:\/\/gopsradymno.pl\/index.php\/wp-json\/wp\/v2\/types\/page"}],"author":[{"embeddable":true,"href":"https:\/\/gopsradymno.pl\/index.php\/wp-json\/wp\/v2\/users\/2"}],"replies":[{"embeddable":true,"href":"https:\/\/gopsradymno.pl\/index.php\/wp-json\/wp\/v2\/comments?post=240"}],"version-history":[{"count":96,"href":"https:\/\/gopsradymno.pl\/index.php\/wp-json\/wp\/v2\/pages\/240\/revisions"}],"predecessor-version":[{"id":1259,"href":"https:\/\/gopsradymno.pl\/index.php\/wp-json\/wp\/v2\/pages\/240\/revisions\/1259"}],"wp:attachment":[{"href":"https:\/\/gopsradymno.pl\/index.php\/wp-json\/wp\/v2\/media?parent=240"}],"curies":[{"name":"wp","href":"https:\/\/api.w.org\/{rel}","templated":true}]}}