{"id":257,"date":"2016-03-07T01:37:56","date_gmt":"2016-03-07T00:37:56","guid":{"rendered":"https:\/\/gopsradymno.pl\/?page_id=257"},"modified":"2018-05-16T22:20:29","modified_gmt":"2018-05-16T20:20:29","slug":"asystent-rodziny","status":"publish","type":"page","link":"https:\/\/gopsradymno.pl\/index.php\/pomoc-srodowiskowa\/asystent-rodziny\/","title":{"rendered":"Asystent rodziny"},"content":{"rendered":"<h4 class=\"western\"><span style=\"font-size: large;\"><u>Asystent Rodziny<\/u><\/span><\/h4>\n<p align=\"justify\">Asystent Rodziny \u00a0wsparciem dla rodzin prze\u017cywaj\u0105cych trudno\u015bci\u00a0 w wype\u0142nianiu funkcji opieku\u0144czo-wychowawczy.<\/p>\n<p align=\"justify\">\u00a0\u201e<b><i>Dla dobra dzieci, kt\u00f3re potrzebuj\u0105 szczeg\u00f3lnej ochrony i pomocy ze strony doros\u0142ych, \u015brodowiska rodzinnego, atmosfery szcz\u0119\u015bcia, mi\u0142o\u015bci i zrozumienia, \u00a0 w trosce o ich harmonijny rozw\u00f3j i przysz\u0142\u0105 samodzielno\u015b\u0107 \u017cyciow\u0105, dla zapewnienia ochrony przys\u0142uguj\u0105cych im praw i wolno\u015bci, dla dobra rodziny, kt\u00f3ra jest podstawow\u0105 kom\u00f3rk\u0105 spo\u0142ecze\u0144stwa oraz naturalnym \u015brodowiskiem rozwoju, i dobra wszystkich jej cz\u0142onk\u00f3w, a w szczeg\u00f3lno\u015bci dzieci, \u00a0w przekonaniu, \u017ce skuteczna pomoc dla rodziny prze\u017cywaj\u0105cej trudno\u015bci \u00a0w opiekowaniu si\u0119 i wychowywaniu dzieci oraz skuteczna ochrona dzieci \u00a0 i pomoc dla nich mo\u017ce by\u0107 osi\u0105gni\u0119ta przez wsp\u00f3\u0142prac\u0119 wszystkich os\u00f3b, instytucji i organizacji pracuj\u0105cych z dzie\u0107mi i rodzicami\u2026\u201d <\/i><\/b><b>\u00a0<\/b><\/p>\n<p align=\"justify\">\u00a0Ustawa o wspieraniu rodziny i systemie pieczy zast\u0119pczej z dnia 9 stycznia 2011r. \u00a0na\u0142o\u017cy\u0142a na jednostki samorz\u0105du terytorialnego oraz organy administracji rz\u0105dowej obowi\u0105zek wspierania rodziny prze\u017cywaj\u0105cej trudno\u015bci w wype\u0142nianiu funkcji opieku\u0144czo-wychowawczych.\u00a0<u>Podmiotem organizuj\u0105cym prac\u0119 z rodzin\u0105 na terenie gminy Radymno jest Gminny O\u015brodek Pomocy Spo\u0142ecznej w Radymnie. W celu realizacji tego obowi\u0105zku w O\u015brodku zatrudniony jest asystent rodziny.<\/u><\/p>\n<p>Wsparcie asystenta rodziny kierowane jest do rodzin prze\u017cywaj\u0105cych trudno\u015bci w wype\u0142nianiu funkcji opieku\u0144czo-\u00a0 wychowawczej, w tym:<\/p>\n<ul>\n<li>rodzin, kt\u00f3rych dzieci przebywaj\u0105 obecnie w pieczy zast\u0119pczej, natomiast istnieje szansa ich powrotu do rodziny biologicznej,<\/li>\n<li>rodzin zagro\u017conych umieszczeniem dzieci w pieczy zast\u0119pczej,<\/li>\n<li>rodzin, u kt\u00f3rych wyst\u0119puj\u0105 okresowe trudno\u015bci w realizacji funkcji opieku\u0144czo- wychowawczej.<\/li>\n<\/ul>\n<p align=\"justify\"><span style=\"font-family: 'Times New Roman', serif;\"><span style=\"font-size: medium;\"><b><span style=\"font-family: Calibri, sans-serif;\"><span style=\"font-size: small;\">ZAKRES I OBSZAR DZIA\u0141ANIA\u00a0 ASYSTENTA\u00a0 RODZINY<\/span><\/span><\/b><\/span><\/span><\/p>\n<p align=\"justify\">\u00a0<span style=\"font-family: Calibri, sans-serif;\"><span style=\"font-size: small;\">Zakres zada\u0144 asystenta rodziny obejmuje cztery obszary: bezpo\u015bredni\u0105 prac\u0119 z rodzicami, bezpo\u015bredni\u0105 prac\u0119 z dzie\u0107mi, dzia\u0142ania realizowane na rzecz dziecka i rodziny oraz organizacj\u0119 w\u0142asnej pracy. M\u00f3wi\u0105c o funkcji asystenta rodziny mo\u017cna wyodr\u0119bni\u0107 \u2013 funkcj\u0119 wsparcia psychiczno- emocjonalnego, opieku\u0144cz\u0105, doradcz\u0105, diagnostyczno- monitoruj\u0105c\u0105, mediacyjn\u0105, wychowawcz\u0105, motywuj\u0105co \u2013 aktywizuj\u0105c\u0105 oraz koordynacji dzia\u0142a\u0144 skierowanych na rodzin\u0119<\/span><\/span><\/p>\n<p align=\"justify\">\u00a0<span style=\"font-family: Calibri, sans-serif;\"><span style=\"font-size: small;\">Zadaniem asystenta rodziny jest wsparcie rodziny w\u00a0przezwyci\u0119\u017caniu trudno\u015bci zwi\u0105zanych z\u00a0opiek\u0105 i wychowaniem ma\u0142oletnich dzieci. Asystent ma u\u0142atwi\u0107 rodzicom wype\u0142nianie r\u00f3l spo\u0142ecznych, aby doprowadzi\u0107 do osi\u0105gni\u0119cia podstawowej stabilizacji \u017cyciowej i nie dopu\u015bci\u0107 do umieszczania dzieci poza rodzin\u0105 w\u00a0plac\u00f3wkach lub rodzinach zast\u0119pczych. Je\u015bli dzieci znajduj\u0105 si\u0119 ju\u017c pod piecz\u0105 zast\u0119pcz\u0105, rol\u0105 asystenta s\u0105 dzia\u0142ania na rzecz ich jak najszybszego powrotu do rodziny biologicznej. Dzia\u0142ania asystenta rodziny powinny dawa\u0107 mo\u017cliwo\u015b\u0107 udzielania pomocy rodzinom w\u00a0zakresie poprawy ich sytuacji \u017cyciowej, w tym w zdobywaniu umiej\u0119tno\u015bci prawid\u0142owego prowadzenia gospodarstwa domowego.<\/span><\/span><\/p>\n<p align=\"justify\">\u00a0<u>Asystent realizuje swoje zadania\u00a0 w szczeg\u00f3lno\u015bci poprzez:<\/u><\/p>\n<ul>\n<li>\n<p align=\"justify\">opracowanie i realizacja planu pracy z rodzin\u0105 we wsp\u00f3\u0142pracy z cz\u0142onkami rodziny i w konsultacji z pracownikiem socjalnym,<\/p>\n<\/li>\n<li>\n<p align=\"justify\">opracowanie, we wsp\u00f3\u0142pracy z cz\u0142onkami rodziny i koordynatorem rodzinnej pieczy zast\u0119pczej, planu pracy z rodzin\u0105, kt\u00f3ry jest skoordynowany z planem pomocy dziecku umieszczonemu w pieczy zast\u0119pczej;<\/p>\n<\/li>\n<li>\n<p align=\"justify\">udzielanie pomocy rodzinom w poprawie ich sytuacji \u017cyciowej, w tym w zdobywaniu umiej\u0119tno\u015bci prawid\u0142owego prowadzenia gospodarstwa domowego;<\/p>\n<\/li>\n<li>\n<p align=\"justify\">udzielanie pomocy rodzinom w rozwi\u0105zywaniu problem\u00f3w socjalnych, psychologicznych, wychowawczych z dzie\u0107mi;<\/p>\n<\/li>\n<li>\n<p align=\"justify\">wspieranie aktywno\u015bci spo\u0142ecznej rodzin;<\/p>\n<\/li>\n<li>\n<p align=\"justify\">motywowanie cz\u0142onk\u00f3w rodzin do podnoszenia kwalifikacji zawodowych;<\/p>\n<\/li>\n<li>\n<p align=\"justify\">udzielanie pomocy w poszukiwaniu, podejmowaniu i utrzymywaniu pracy zarobkowej;<\/p>\n<\/li>\n<li>\n<p align=\"justify\">motywowanie do udzia\u0142u w zaj\u0119ciach grupowych dla rodzic\u00f3w, maj\u0105cych na celu kszta\u0142towanie prawid\u0142owych wzorc\u00f3w rodzicielskich i umiej\u0119tno\u015bci psychospo\u0142ecznych;<\/p>\n<\/li>\n<li>\n<p align=\"justify\">udzielanie wsparcia dzieciom, w szczeg\u00f3lno\u015bci poprzez udzia\u0142 w zaj\u0119ciach psychoedukacyjnych;<\/p>\n<\/li>\n<li>\n<p align=\"justify\">podejmowanie dzia\u0142a\u0144 interwencyjnych i zaradczych w sytuacji zagro\u017cenia bezpiecze\u0144stwa dzieci i rodzin;<\/p>\n<\/li>\n<li>\n<p align=\"justify\">prowadzenie indywidualnych konsultacji wychowawczych dla rodzic\u00f3w i dzieci;<\/p>\n<\/li>\n<li>\n<p align=\"justify\">realizacja zada\u0144 okre\u015blonych w ustawie z dnia 4 listopada 2016 r. o wsparciu kobiet w ci\u0105\u017cy i rodzin \u201eZa \u017cyciem\u201d<b> ;<\/b><\/p>\n<\/li>\n<li>\n<p align=\"justify\">prowadzenie dokumentacji dotycz\u0105cej pracy z rodzin\u0105 poprzez:<br \/>\n&#8211;\u00a0 dokonywanie okresowej oceny sytuacji rodziny, nie rzadziej ni\u017c co p\u00f3\u0142 roku,<br \/>\n&#8211; monitorowanie funkcjonowania rodziny po zako\u0144czeniu pracy z rodzin\u0105,<br \/>\n&#8211; sporz\u0105dzanie, na wniosek s\u0105du, opinii o rodzinie i jej cz\u0142onkach;<br \/>\n&#8211; wsp\u00f3\u0142praca z jednostkami administracji rz\u0105dowej i samorz\u0105dowej, organizacjami pozarz\u0105dowymi oraz innymi podmiotami i osobami specjalizuj\u0105cymi si\u0119 w dzia\u0142aniach na rzecz dziecka i rodziny, oraz z \u00a0z zespo\u0142em interdyscyplinarnym lub grup\u0105 robocz\u0105,<\/p>\n<\/li>\n<\/ul>\n<p align=\"justify\">\u00a0Asystent rodziny spotyka si\u0119 z rodzin\u0105 g\u0142\u00f3wnie w domu rodziny lub innym miejscu wskazanym przez rodzin\u0119. Na pocz\u0105tku spotyka si\u0119 z rodzin\u0105 cz\u0119sto, potem coraz rzadziej.<\/p>\n<p align=\"justify\">\u00a0Nadrz\u0119dnym celem pracy jest dobro ca\u0142ej rodziny, a przede wszystkim dzieci, kt\u00f3re powinny czu\u0107 si\u0119 dobrze i bezpiecznie w rodzinie.<\/p>\n<p align=\"justify\"><b>ROLA\u00a0 ASYSTENTA\u00a0 RODZINY<\/b><\/p>\n<p align=\"justify\">\u00a0Najwa\u017cniejsz\u0105 rol\u0105 asystenta rodziny jest podniesienie umiej\u0119tno\u015bci opieku\u0144czo- wychowawczych i\u00a0prowadzenia gospodarstwa domowego rodzic\u00f3w, pomoc w\u00a0rozwi\u0105zaniu problem\u00f3w rodziny, w\u00a0takim stopniu, aby wychowuj\u0105ce si\u0119 w tej rodzinie dzieci mia\u0142y warunki do bezpiecznego \u017cycia i\u00a0wszechstronnego rozwoju.<\/p>\n<p align=\"justify\">Rol\u0105 asystenta rodziny jest wspieranie rodzin, kt\u00f3re z r\u00f3\u017cnych powod\u00f3w nie s\u0105 w stanie w spos\u00f3b akceptowany spo\u0142ecznie pe\u0142ni\u0107 prawid\u0142owo swoich funkcji.<\/p>\n<p align=\"justify\">\u00a0<i>Efektami wsp\u00f3lnej pracy powinno by\u0107 odzyskanie przez osoby przyjmuj\u0105ce pomoc kontroli nad w\u0142asnym \u017cyciem, kt\u00f3re pozwala im by\u0107 samodzielnym oraz tak wype\u0142nia\u0107 role rodzica, aby \u015brodowisko rodzinne zapewnia\u0142o bezpiecze\u0144stwo i prawid\u0142owy rozw\u00f3j dzieci. Efekt ten jest mo\u017cliwy do osi\u0105gni\u0119cia, przy aktywnym udziale rodziny na ka\u017cdym etapie metodycznego dzia\u0142ania: od oceny wst\u0119pnej, przez uk\u0142adanie planu pracy i jego realizacj\u0119 po ocen\u0119 ko\u0144cow\u0105, dostosowanie pracy do mo\u017cliwo\u015bci i dynamiki wewn\u0119trznej rodziny, oraz poprzez ma\u0142e kroki powolne posuwanie si\u0119 do przodu.<\/i><\/p>\n<p align=\"justify\">\u00a0<b>PRZYDZIELANIE ASYSTENTA RODZINY PRZEZ O\u015aRODEK POMOCY SPO\u0141ECZNEJ<\/b><\/p>\n<p align=\"justify\"><span style=\"font-family: 'Times New Roman', serif;\"><span style=\"font-size: medium;\"><span style=\"font-family: Calibri, sans-serif;\"><span style=\"font-size: small;\">W przypadku gdy o\u015brodek pomocy spo\u0142ecznej powe\u017amie informacj\u0119 o rodzinie prze\u017cywaj\u0105cej trudno\u015bci w wype\u0142nianiu funkcji opieku\u0144czo-wychowawczych, pracownik socjalny przeprowadza w tej rodzinie wywiad \u015brodowiskowy, na zasadach okre\u015blonych w <\/span><\/span><span style=\"color: #0000ff;\"><u><a href=\"https:\/\/sip.lex.pl\/#\/dokument\/17087802\" target=\"_top\"><span style=\"font-family: Calibri, sans-serif;\"><span style=\"font-size: small;\">ustawie<\/span><\/span><\/a><\/u><\/span><span style=\"font-family: Calibri, sans-serif;\"><span style=\"font-size: small;\"> z dnia 12 marca 2004 r. o pomocy spo\u0142ecznej a gdy rodzicem wychowuj\u0105cym dziecko jest ma\u0142oletni opuszczaj\u0105cy m\u0142odzie\u017cowy o\u015brodek wychowawczy, m\u0142odzie\u017cowy o\u015brodek socjoterapii, schronisko dla nieletnich lub zak\u0142ad poprawczy, pracownik socjalny przeprowadza u tego rodzica wywiad, o kt\u00f3rym mowa powy\u017cej, a nast\u0119pnie kierownik o\u015brodka pomocy spo\u0142ecznej przydziela temu rodzicowi asystenta rodziny.<\/span><\/span><\/span><\/span><\/p>\n<p align=\"justify\"><span style=\"font-family: Calibri, sans-serif;\"><span style=\"font-size: small;\">Po przeprowadzeniu wywiadu, pracownik socjalny dokonuje analizy sytuacji rodziny. Je\u017celi z analizy, wynika konieczno\u015b\u0107 przydzielenia rodzinie asystenta rodziny, pracownik socjalny wyst\u0119puje do kierownika o\u015brodka pomocy spo\u0142ecznej z wnioskiem o jego przydzielenie. Po otrzymaniu wniosku, kierownik o\u015brodka pomocy spo\u0142ecznej przydziela rodzinie asystenta rodziny.<\/span><\/span><\/p>\n<p align=\"justify\"><i>Nale\u017cy podkre\u015bli\u0107, \u017ce wsp\u00f3\u0142praca z\u00a0 asystentem rodziny nie jest obligatoryjna w przypadku ka\u017cdej rodziny, kt\u00f3ra prze\u017cywa trudno\u015bci. To pracownik socjalny ocenia sytuacj\u0119 rodziny i podejmuje decyzj\u0119, czy jej problemy wymagaj\u0105 zastosowania takiego narz\u0119dzia pracy socjalnej, jakim jest\u00a0 praca rodziny z asystentem. Mo\u017cna zatem za\u0142o\u017cy\u0107, \u017ce dla cz\u0119\u015bci rodzin wystarczaj\u0105c\u0105 b\u0119dzie pomoc materialna i praca socjalna prowadzona przez pracownika socjalnego zgodnie z ustaw\u0105 o pomocy spo\u0142ecznej.<\/i><\/p>\n<p><span style=\"font-size: large;\"><u><b>Rodzina Wspieraj\u0105ca<\/b><\/u><\/span><\/p>\n<p align=\"justify\"><span style=\"font-size: medium;\"><b>INFORMACJA DLA WSZYSTKICH RODZIN, KT\u00d3RE CHC\u0104 WSPIERA\u0106 \u00a0 I POMAGA\u0106 TYM RODZINOM, KT\u00d3RE Z R\u00d3\u017bNYCH WZGL\u0118D\u00d3W NIE RADZ\u0104 SOBIE Z OBOWI\u0104ZKIEM OPIEKI I WYCHOWANIA<\/b><\/span><\/p>\n<p align=\"justify\">\n<p align=\"justify\">Ustawa\u00a0 o wspieraniu i systemie pieczy zast\u0119pczej wprowadzi\u0142a wiele nowych rozwi\u0105za\u0144 dotycz\u0105cych pomocy rodzinie. Jedn\u0105 z form pomocy rodzinie prze\u017cywaj\u0105cej problemy opieku\u0144czo -wychowawcze s\u0105 rodziny wspieraj\u0105ce, kt\u00f3re przy wsp\u00f3\u0142pracy z asystentem rodziny pomagaj\u0105 rodzinie przezwyci\u0119\u017cy\u0107 problemy.<\/p>\n<p align=\"justify\">\n<p align=\"justify\"><span style=\"font-size: medium;\"><b>KTO MO\u017bE ZOSTA\u0106 RODZIN\u0104 WSPIERAJ\u0104C\u0104<\/b><\/span><\/p>\n<p align=\"justify\">\n<p align=\"justify\">Pe\u0142nienie funkcji rodziny wspieraj\u0105cej mo\u017ce zosta\u0107 powierzone osobom z bezpo\u015bredniego otoczenia dziecka, po uzyskaniu pozytywnej opinii Kierownika O\u015brodka Pomocy Spo\u0142ecznej, wydanej na podstawie przeprowadzonego wywiadu \u015brodowiskowego. Wywiad \u015brodowiskowy ma na celu sprawdzenie czy dana rodzina kwalifikuje si\u0119 do bycia rodzin\u0105 wspieraj\u0105c\u0105.<\/p>\n<p align=\"justify\">\nRodziny wspieraj\u0105ce, kt\u00f3re spe\u0142ni\u0105 wymogi formalne i uzyskaj\u0105 mo\u017cliwo\u015b\u0107 pe\u0142nienia tej funkcji, wykonuj\u0105 j\u0105 na podstawie pisemnego porozumienia pomi\u0119dzy O\u015brodkiem Pomocy, a przedstawicielem rodziny. Porozumienie to okre\u015bla jakie zadania ma rodzina , i na jakiej zasadzie wsp\u00f3\u0142pracuje z rodzin\u0105. Rodziny wspieraj\u0105ce uprawnione s\u0105 do zwrotu koszt\u00f3w zwi\u0105zanych z udzieleniem wsparcia.<\/p>\n<p align=\"justify\">\n<p align=\"justify\">Zadaniem rodzin wspieraj\u0105cych, <u>nie<\/u>\u00a0 jest wyr\u0119czanie, lecz pomoc rodzinie w przezwyci\u0119\u017caniu trudno\u015bci w rodzinie wspieranej. Dzi\u0119ki rodzinie wspieraj\u0105cej, rodzina wspierana ma mo\u017cliwo\u015b\u0107 poznania pozytywnego funkcjonowania w \u015brodowisku, radzenia sobie \u00a0z problemami dnia codziennego tj. problem\u00f3w opieku\u0144czo wychowawczych, prowadzenia gospodarstwa domowego, prawid\u0142owych relacji wewn\u0105trzrodzinnych.<\/p>\n<p align=\"justify\">\n<p align=\"justify\">Rodzina wspieraj\u0105ca nie realizuje swoich zada\u0144 zawodowo. Jest to forma towarzyszenia rodzinie na podstawie w\u0142asnej ch\u0119ci pomocy innym, tworz\u0105c tym samym wa\u017cn\u0105 siatk\u0119 wsparcia spo\u0142ecznego.<\/p>\n<p align=\"justify\"><span style=\"font-size: medium;\"><br \/>\n<\/span>Pe\u0142nienie funkcji rodziny wspieraj\u0105cej mo\u017ce by\u0107 \u017ar\u00f3d\u0142em satysfakcji dla tych os\u00f3b, kt\u00f3re chc\u0105\u00a0 bezinteresownie sw\u00f3j czas po\u015bwi\u0119ci\u0107\u00a0 rodzinom, kt\u00f3re tego potrzebuj\u0105.<\/p>\n<p align=\"justify\">\n<p align=\"justify\"><span style=\"font-size: medium;\"><u><b>Osoby ch\u0119tne do pe\u0142nienia funkcji rodziny wspieraj\u0105cej mog\u0105 zg\u0142asza\u0107 swoj\u0105 kandydatur\u0119 do Gminnego O\u015brodka Pomocy Spo\u0142ecznej w Radymnie\u00a0 (szczeg\u00f3\u0142owych informacji w tej sprawie udziela asystent rodziny , lub kierownik OPS).<\/b><\/u><\/span><\/p>\n<p align=\"justify\">\n<p align=\"justify\"><span style=\"font-size: medium;\">Rodzina nie mo\u017ce pe\u0142ni\u0107 funkcji RODZINY WSPIERAJ\u0104CEJ gdy:<\/span><\/p>\n<p align=\"justify\">\n<p align=\"justify\">\u25cf <span style=\"font-size: medium;\">Istnieje problem alkoholowy<\/span><\/p>\n<p align=\"justify\">\u25cf <span style=\"font-size: medium;\">Nie ma sta\u0142ego \u017ar\u00f3d\u0142a utrzymania<\/span><\/p>\n<p align=\"justify\">\u25cf <span style=\"font-size: medium;\">Wyst\u0119puj\u0105 problemy wychowawcze z w\u0142asnymi dzie\u0107mi<\/span><\/p>\n<p align=\"justify\">\u25cf <span style=\"font-size: medium;\">Cz\u0142onkowi rodziny odebrano lub ograniczono w\u0142adz\u0119 rodzicielsk\u0105<\/span><\/p>\n<p align=\"justify\">\u25cf <span style=\"font-size: medium;\">Cz\u0142onek rodziny nie wywi\u0105zuje si\u0119 z obowi\u0105zku alimentacji<\/span><\/p>\n<p align=\"justify\">\u25cf <span style=\"font-size: medium;\">Skazano cz\u0142onka rodziny za przest\u0119pstwo \u015bcigane z oskar\u017cenia publicznego<\/span><\/p>\n<p align=\"justify\">\u25cf <span style=\"font-size: medium;\">Wyst\u0119puj\u0105 zaburzenia lub choroba psychiczna.<\/span><\/p>\n<h4 class=\"western\"><span style=\"font-family: Calibri, sans-serif;\"><span style=\"font-size: large;\"><u>Za \u017byciem<\/u><\/span><\/span><\/h4>\n<p align=\"justify\"><b>Wsparcie rodziny w zwi\u0105zku z realizacj\u0105 Ustawy \u201e Za \u017cyciem\u201d<\/b><\/p>\n<p align=\"justify\"><b>Gminny\u00a0O\u015brodek Pomocy Spo\u0142ecznej w Radymnie od dnia 01.01.2017r. realizuje zadania wynikaj\u0105ce z ustawy z dnia 04 listopada 2016r. \u00a0o wsparciu kobiet w ci\u0105\u017cy i ich rodzin \u201e Za \u017cyciem\u201d. <\/b><\/p>\n<p align=\"justify\">\u00a0<b>Opr\u00f3cz jednorazowego \u015bwiadczenia w wysoko\u015bci 4000 z\u0142. \u00a0<\/b>ustawa okre\u015bla uprawnienia kobiet w ci\u0105\u017cy i ich rodzin do wsparcia w zakresie dost\u0119pu do:<\/p>\n<p align=\"justify\">1) \u015bwiadcze\u0144 opieki zdrowotnej;<\/p>\n<p align=\"justify\">2) instrument\u00f3w polityki na rzecz rodziny .<\/p>\n<p align=\"justify\">\u00a0Wsparcie realizowane\u00a0 jest poprzez zapewnienie dost\u0119pu do informacji \u00a0w zakresie rozwi\u0105za\u0144 wspieraj\u0105cych rodziny oraz kobiety w ci\u0105\u017cy, a w szczeg\u00f3lno\u015bci rodziny i kobiety w kt\u00f3rych przyjdzie lub przysz\u0142o na \u015bwiat dziecko u kt\u00f3rego zdiagnozowano ci\u0119\u017ckie i nieodwracalne upo\u015bledzenie albo nieuleczaln\u0105 chorob\u0119 zagra\u017caj\u0105c\u0105 jego \u017cyciu, kobiety, kt\u00f3re otrzyma\u0142y informacj\u0119 o tym, \u017ce ich dziecko mo\u017ce umrze\u0107 w trakcie ci\u0105\u017cy lub porodu, kobiety kt\u00f3rych dziecko umar\u0142o bezpo\u015brednio po porodzie na skutek wad wrodzonych, kobiety, kt\u00f3re po porodzie nie zabior\u0105 do domu dziecka z powodu, poronienia, urodzenia dziecka martwego, urodzenia dziecka niezdolnego do \u017cycia, urodzenia dziecka obarczonego wadami wrodzonymi albo \u015bmiertelnymi schorzeniami.<\/p>\n<p align=\"justify\">\u00a0Podstaw\u0105 do skorzystania z uprawnie\u0144 jest <b>za\u015bwiadczenie<\/b>, kt\u00f3re potwierdza ci\u0119\u017ckie i\u00a0nieodwracalne upo\u015bledzenie albo nieuleczaln\u0105 chorob\u0119 zagra\u017caj\u0105c\u0105 \u017cyciu.<\/p>\n<p align=\"justify\">\u00a0Osob\u0105 odpowiedzialn\u0105 za koordynowanie pomocy i dzia\u0142a\u0144 wynikaj\u0105cych z Ustawy za \u017cyciem jest asystent rodziny.<\/p>\n<p align=\"justify\">\u00a0<u>Ze wsparcia asystenta rodziny mo\u017cna skorzysta\u0107 w ka\u017cdej sytuacji po\u00a0 z\u0142o\u017ceniu pisemnego wniosku.<\/u><\/p>\n<p align=\"justify\">\u00a0<u>Je\u017celi rodzina potrzebuje wsparcia asystenta rodziny , mo\u017ce uda\u0107 si\u0119 do siedziby GOPS w Radymnie, gdzie asystent rodziny udzieli szczeg\u00f3\u0142owych informacji na temat zasad wsp\u00f3\u0142pracy.\u00a0<\/u><\/p>\n","protected":false},"excerpt":{"rendered":"<p>Asystent Rodziny Asystent Rodziny \u00a0wsparciem dla rodzin prze\u017cywaj\u0105cych trudno\u015bci\u00a0 w wype\u0142nianiu funkcji opieku\u0144czo-wychowawczy. \u00a0\u201eDla dobra dzieci, kt\u00f3re potrzebuj\u0105 szczeg\u00f3lnej ochrony i pomocy ze strony doros\u0142ych, \u015brodowiska rodzinnego, atmosfery szcz\u0119\u015bcia, mi\u0142o\u015bci i zrozumienia, \u00a0 w trosce o ich harmonijny rozw\u00f3j i przysz\u0142\u0105 samodzielno\u015b\u0107 \u017cyciow\u0105, dla zapewnienia ochrony przys\u0142uguj\u0105cych im praw i wolno\u015bci, dla dobra rodziny, kt\u00f3ra jest podstawow\u0105 kom\u00f3rk\u0105 spo\u0142ecze\u0144stwa oraz naturalnym \u015brodowiskiem rozwoju, i dobra wszystkich jej cz\u0142onk\u00f3w, a w szczeg\u00f3lno\u015bci dzieci, \u00a0w przekonaniu, \u017ce skuteczna pomoc dla rodziny prze\u017cywaj\u0105cej trudno\u015bci \u00a0w opiekowaniu si\u0119 i wychowywaniu dzieci oraz skuteczna ochrona dzieci \u00a0 i pomoc dla nich mo\u017ce by\u0107 osi\u0105gni\u0119ta przez\u2026<\/p>\n<p> <a class=\"continue-reading-link\" href=\"https:\/\/gopsradymno.pl\/index.php\/pomoc-srodowiskowa\/asystent-rodziny\/\"><span>Wi\u0119cej<\/span><i class=\"crycon-right-dir\"><\/i><\/a> <\/p>\n","protected":false},"author":2,"featured_media":0,"parent":255,"menu_order":0,"comment_status":"closed","ping_status":"closed","template":"","meta":{"footnotes":""},"class_list":["post-257","page","type-page","status-publish","hentry"],"_links":{"self":[{"href":"https:\/\/gopsradymno.pl\/index.php\/wp-json\/wp\/v2\/pages\/257","targetHints":{"allow":["GET"]}}],"collection":[{"href":"https:\/\/gopsradymno.pl\/index.php\/wp-json\/wp\/v2\/pages"}],"about":[{"href":"https:\/\/gopsradymno.pl\/index.php\/wp-json\/wp\/v2\/types\/page"}],"author":[{"embeddable":true,"href":"https:\/\/gopsradymno.pl\/index.php\/wp-json\/wp\/v2\/users\/2"}],"replies":[{"embeddable":true,"href":"https:\/\/gopsradymno.pl\/index.php\/wp-json\/wp\/v2\/comments?post=257"}],"version-history":[{"count":5,"href":"https:\/\/gopsradymno.pl\/index.php\/wp-json\/wp\/v2\/pages\/257\/revisions"}],"predecessor-version":[{"id":642,"href":"https:\/\/gopsradymno.pl\/index.php\/wp-json\/wp\/v2\/pages\/257\/revisions\/642"}],"up":[{"embeddable":true,"href":"https:\/\/gopsradymno.pl\/index.php\/wp-json\/wp\/v2\/pages\/255"}],"wp:attachment":[{"href":"https:\/\/gopsradymno.pl\/index.php\/wp-json\/wp\/v2\/media?parent=257"}],"curies":[{"name":"wp","href":"https:\/\/api.w.org\/{rel}","templated":true}]}}