{"id":436,"date":"2016-06-15T00:15:28","date_gmt":"2016-06-14T22:15:28","guid":{"rendered":"https:\/\/gopsradymno.pl\/?page_id=436"},"modified":"2016-06-15T00:15:28","modified_gmt":"2016-06-14T22:15:28","slug":"fundusz-alimentacyjny","status":"publish","type":"page","link":"https:\/\/gopsradymno.pl\/index.php\/fundusz-alimentacyjny\/","title":{"rendered":"Fundusz alimentacyjny"},"content":{"rendered":"<p><strong>Fundusz alimentacyjny <\/strong><\/p>\n<p><strong>Ustalenie prawa do \u015bwiadcze\u0144 z funduszu alimentacyjnego oraz ich wyp\u0142ata nast\u0119puj\u0105 na wniosek osoby uprawnionej lub jej przedstawiciela ustawowego na mocy ustawy z dnia 7 wrze\u015bnia 2007 r. o pomocy osobom uprawnionym do aliment\u00f3w (Dz. U. z 2016r. , poz. 169 z p\u00f3\u017a. zm).<\/strong><\/p>\n<p><strong>\u015aWIADCZENIA Z FUNDUSZU ALIMENTACYJNEGO<\/strong><\/p>\n<p><strong> przys\u0142uguj\u0105:<\/strong><\/p>\n<ol>\n<li>Osobie uprawnionej do uko\u0144czenia przez ni\u0105 18 roku \u017cycia albo w przypadku gdy uczy si\u0119 w szkole lub w szkole wy\u017cszej do uko\u0144czenia przez ni\u0105 25 roku \u017cycia.<\/li>\n<li>Gdy osoba uprawniona posiada orzeczenie o znacznym stopniu niepe\u0142nosprawno\u015bci, \u015bwiadczenie przys\u0142uguje bezterminowo.<\/li>\n<li>Kwota dochodu na osob\u0119 w rodzinie nie mo\u017ce przekroczy\u0107 kwoty 725,00 z\u0142.<\/li>\n<li>\u015awiadczenie z Funduszu Alimentacyjnego przys\u0142uguje do wysoko\u015bci bie\u017c\u0105co ustalonych aliment\u00f3w &#8211; nie wy\u017cej jednak ni\u017c 500 z\u0142 na osob\u0119 uprawnion\u0105.<\/li>\n<\/ol>\n<p><strong>nie przys\u0142uguj\u0105:<\/strong><\/p>\n<ol>\n<li>Osobie umieszczonej w instytucji zapewniaj\u0105cej ca\u0142odobowe utrzymanie ( np. dom pomocy spo\u0142ecznej, plac\u00f3wka opieku\u0144czo -wychowawcza, schronisko dla nieletnich, zak\u0142ad poprawczy, zak\u0142ad karny, szko\u0142a wojskowa lub inna szko\u0142a &#8211; je\u017celi instytucje te zapewniaj\u0105 nieodp\u0142atne pe\u0142ne utrzymanie).<\/li>\n<li>Osobie umieszczonej w pieczy zast\u0119pczej.<\/li>\n<li>Osobie uprawnionej, je\u017celi zawar\u0142a zwi\u0105zek ma\u0142\u017ce\u0144ski.<\/li>\n<\/ol>\n<p>Prawo do \u015bwiadcze\u0144 z funduszu alimentacyjnego ustala si\u0119 na okres \u015bwiadczeniowy pocz\u0105wszy od miesi\u0105ca, w kt\u00f3rym wp\u0142yn\u0105 wniosek do organu w\u0142a\u015bciwego wierzyciela, nie wcze\u015bniej ni\u017c od pocz\u0105tku okresu \u015bwiadczeniowego do ko\u0144ca tego okresu.<\/p>\n<p>Wnioski o ustalenie prawa do \u015bwiadcze\u0144 z funduszu alimentacyjnego na nowy okres \u015bwiadczeniowy s\u0105 przyjmowane od dnia <strong>1 sierpnia.<\/strong><\/p>\n<p>W przypadku z\u0142o\u017cenia wniosku wraz z dokumentami na nowy okres \u015bwiadczeniowy do dnia <strong>31 sierpnia<\/strong> ustalenie prawa do \u015bwiadcze\u0144 z funduszu alimentacyjnego oraz wyp\u0142ata \u015bwiadcze\u0144 przys\u0142uguj\u0105cych za miesi\u0105c pa\u017adziernik nast\u0119puje do dnia <strong>31 pa\u017adziernika. <\/strong><\/p>\n<p>Natomiast w przypadku z\u0142o\u017cenia wniosku wraz z dokumentami na nowy okres \u015bwiadczeniowy w okresie od dnia <strong>1 wrze\u015bnia<\/strong> do dnia <strong>31 pa\u017adziernika<\/strong>, wyp\u0142ata \u015bwiadcze\u0144 przys\u0142uguj\u0105cych za miesi\u0105c pa\u017adziernik nast\u0119puje do dnia <strong>30 listopada<\/strong>.<\/p>\n<p><strong>Wymagane dokumenty na okres \u015bwiadczeniowy 2015\/2016:<\/strong><\/p>\n<ul>\n<li>skr\u00f3cony odpis aktu urodzenia dziecka,<\/li>\n<li>orzeczenie o znacznym stopniu niepe\u0142nosprawno\u015bci,<\/li>\n<li>za\u015bwiadczenie albo o\u015bwiadczenie o ucz\u0119szczaniu do szko\u0142y lub szko\u0142y wy\u017cszej \u2013 os\u00f3b pe\u0142noletnich,<\/li>\n<\/ul>\n<p>4) za\u015bwiadczenia lub o\u015bwiadczenia dokumentuj\u0105ce wysoko\u015b\u0107 innych dochod\u00f3w ni\u017c dochody podlegaj\u0105ce opodatkowaniu podatkiem dochodowym od os\u00f3b fizycznych na zasadach o  okre\u015blonych w art. 27, 30b, 30c i 30e  art. 30f ustawy z dnia 26 lipca 1991 r. o podatku dochodowym od os\u00f3b fizycznych, ka\u017cdego cz\u0142onka rodziny,<\/p>\n<p>5) o\u015bwiadczenie o deklarowanych dochodach osi\u0105gni\u0119tych przez osoby podlegaj\u0105ce    przepisom o zrycza\u0142towanym podatku dochodowym  od niekt\u00f3rych przychod\u00f3w osi\u0105gni\u0119tych przez osoby fizyczne, zawieraj\u0105ce informacje o :<\/p>\n<p>&#8211; wysoko\u015bci dochodu,<\/p>\n<p>&#8211; wysoko\u015bci nale\u017cnych sk\u0142adek na ubezpieczenie spo\u0142eczne,<\/p>\n<p>&#8211; wysoko\u015bci nale\u017cnych sk\u0142adek na ubezpieczenie zdrowotne,<\/p>\n<p>&#8211; wysoko\u015bci i formie op\u0142acanego podatku dochodowego,<\/p>\n<p>&#8211; wysoko\u015bci dochodu po odliczeniu nale\u017cnych sk\u0142adek i podatku,<\/p>\n<p>6) za\u015bwiadczenie albo o\u015bwiadczenie wszystkich pe\u0142noletnich cz\u0142onk\u00f3w rodziny o wysoko\u015bci sk\u0142adek na ubezpieczenie zdrowotne w roku 2014r.,<\/p>\n<p>7)   o\u015bwiadczenia wszystkich pe\u0142noletnich cz\u0142onk\u00f3w rodziny o dochodzie nieopodatkowanym w roku 2014 (m. in. stypendia, alimenty, doch\u00f3d z gospodarstwa rolnego, dochody uzyskiwane za granic\u0105 RP  itp.),<\/p>\n<p>8)   dokument okre\u015blaj\u0105cy dat\u0119 utraty dochodu oraz miesi\u0119czn\u0105 wysoko\u015b\u0107 utraconego dochodu  (\u015bwiadectwo pracy, PIT, itp.),<\/p>\n<p>9)   dokument okre\u015blaj\u0105cy wysoko\u015b\u0107 dochodu uzyskanego przez cz\u0142onka rodziny oraz liczb\u0119 miesi\u0119cy w kt\u00f3rych doch\u00f3d by\u0142 osi\u0105gany, w przypadku uzyskania dochodu w roku kalendarzowym poprzedzaj\u0105cym okres \u015bwiadczeniowy,<\/p>\n<p>10) dokument okre\u015blaj\u0105cy wysoko\u015b\u0107 uzyskanego dochodu z miesi\u0105ca nast\u0119puj\u0105cego po miesi\u0105cu, w kt\u00f3rym doch\u00f3d zosta\u0142 osi\u0105gni\u0119ty, w przypadku uzyskania dochodu po roku kalendarzowym poprzedzaj\u0105cym okres \u015bwiadczeniowy,<\/p>\n<p>11) za\u015bwiadczenie w\u0142a\u015bciwego organu gminy lub nakaz p\u0142atniczy lub o\u015bwiadczenie o wielko\u015bci gospodarstwa rolnego, wyra\u017conej w ha przeliczeniowych w 2014 roku,<\/p>\n<p>12) kopia odpisu podlegaj\u0105cego wykonaniu orzeczenia s\u0105du zas\u0105dzaj\u0105cego alimenty, odpisu postanowienia s\u0105du o zabezpieczeniu pow\u00f3dztwa o alimenty, odpisu protoko\u0142u zawieraj\u0105cego tre\u015b\u0107 ugody s\u0105dowej lub ugody zawartej przed mediatorem (orygina\u0142 do wgl\u0105du),<\/p>\n<p>13) przekazy lub przelewy pieni\u0119\u017cne dokumentuj\u0105ce faktyczn\u0105 wysoko\u015b\u0107 otrzymanych aliment\u00f3w lub zap\u0142aconych aliment\u00f3w na rzecz osoby spoza rodziny w 2014r.<\/p>\n<p>15) za\u015bwiadczenie komornika o wysoko\u015bci wyegzekwowanych na rzecz wierzyciela aliment\u00f3w w roku  2014r.<\/p>\n<p>16) za\u015bwiadczenie Komornika S\u0105dowego o bezskuteczno\u015bci egzekucji \u015bwiadcze\u0144 alimentacyjnych (w okresie ostatnich dw\u00f3ch miesi\u0119cy) \u2013 orygina\u0142,<\/p>\n<p>17) informacj\u0119 w\u0142a\u015bciwego S\u0105du lub w\u0142a\u015bciwej instytucji o podj\u0119ciu przez osob\u0119 uprawnion\u0105 czynno\u015bci zwi\u0105zanych z wykonaniem tytu\u0142u wykonawczego zagranic\u0105 &#8211; orygina\u0142,<\/p>\n<p>18) prawomocnego orzeczenie s\u0105du  rodzinnego o ustaleniu opiekuna prawnego<\/p>\n<p><strong>i inne za\u015bwiadczenia lub o\u015bwiadczenia oraz dowody niezb\u0119dne do ustalenia prawa do \u015bwiadcze\u0144 z funduszu alimentacyjnego; <\/strong><\/p>\n<p>Pobierz: <a href=\"https:\/\/gopsradymno.pl\/wp-content\/uploads\/2016\/06\/Fundusz-alimentacyjny.docx\" rel=\"\">Fundusz alimentacyjny<\/a><\/p>\n<p>&nbsp;<\/p>\n","protected":false},"excerpt":{"rendered":"<p>Fundusz alimentacyjny Ustalenie prawa do \u015bwiadcze\u0144 z funduszu alimentacyjnego oraz ich wyp\u0142ata nast\u0119puj\u0105 na wniosek osoby uprawnionej lub jej przedstawiciela ustawowego na mocy ustawy z dnia 7 wrze\u015bnia 2007 r. o pomocy osobom uprawnionym do aliment\u00f3w (Dz. U. z 2016r. , poz. 169 z p\u00f3\u017a. zm). \u015aWIADCZENIA Z FUNDUSZU ALIMENTACYJNEGO przys\u0142uguj\u0105: Osobie uprawnionej do uko\u0144czenia przez ni\u0105 18 roku \u017cycia albo w przypadku gdy uczy si\u0119 w szkole lub w szkole wy\u017cszej do uko\u0144czenia przez ni\u0105 25 roku \u017cycia. Gdy osoba uprawniona posiada orzeczenie o znacznym stopniu niepe\u0142nosprawno\u015bci, \u015bwiadczenie przys\u0142uguje bezterminowo. Kwota dochodu na osob\u0119 w rodzinie nie mo\u017ce przekroczy\u0107\u2026<\/p>\n<p> <a class=\"continue-reading-link\" href=\"https:\/\/gopsradymno.pl\/index.php\/fundusz-alimentacyjny\/\"><span>Wi\u0119cej<\/span><i class=\"crycon-right-dir\"><\/i><\/a> <\/p>\n","protected":false},"author":2,"featured_media":0,"parent":0,"menu_order":0,"comment_status":"closed","ping_status":"closed","template":"","meta":{"footnotes":""},"class_list":["post-436","page","type-page","status-publish","hentry"],"_links":{"self":[{"href":"https:\/\/gopsradymno.pl\/index.php\/wp-json\/wp\/v2\/pages\/436","targetHints":{"allow":["GET"]}}],"collection":[{"href":"https:\/\/gopsradymno.pl\/index.php\/wp-json\/wp\/v2\/pages"}],"about":[{"href":"https:\/\/gopsradymno.pl\/index.php\/wp-json\/wp\/v2\/types\/page"}],"author":[{"embeddable":true,"href":"https:\/\/gopsradymno.pl\/index.php\/wp-json\/wp\/v2\/users\/2"}],"replies":[{"embeddable":true,"href":"https:\/\/gopsradymno.pl\/index.php\/wp-json\/wp\/v2\/comments?post=436"}],"version-history":[{"count":1,"href":"https:\/\/gopsradymno.pl\/index.php\/wp-json\/wp\/v2\/pages\/436\/revisions"}],"predecessor-version":[{"id":437,"href":"https:\/\/gopsradymno.pl\/index.php\/wp-json\/wp\/v2\/pages\/436\/revisions\/437"}],"wp:attachment":[{"href":"https:\/\/gopsradymno.pl\/index.php\/wp-json\/wp\/v2\/media?parent=436"}],"curies":[{"name":"wp","href":"https:\/\/api.w.org\/{rel}","templated":true}]}}