{"id":746,"date":"2019-02-03T19:13:18","date_gmt":"2019-02-03T18:13:18","guid":{"rendered":"https:\/\/gopsradymno.pl\/?page_id=746"},"modified":"2021-05-24T21:31:20","modified_gmt":"2021-05-24T19:31:20","slug":"polityka-prywatnosci","status":"publish","type":"page","link":"https:\/\/gopsradymno.pl\/index.php\/polityka-prywatnosci\/","title":{"rendered":"Polityka prywatno\u015bci"},"content":{"rendered":"<p class=\"western\" align=\"center\"><span style=\"font-family: Arial, sans-serif;\"><b>POLITYKA PRYWATNO\u015aCI<\/b><\/span><\/p>\n<p class=\"western\" align=\"justify\"><span style=\"font-family: Arial, sans-serif;\">Polityka skierowana jest do u\u017cytkownik\u00f3w strony internetowej https:\/\/gopsradymno.pl\/ W\u00a0Polityce zosta\u0142y opisane zasady gromadzenia oraz wykorzystywania danych u\u017cytkownik\u00f3w serwisu, kt\u00f3re s\u0105 gromadzone bezpo\u015brednio od nich lub za po\u015brednictwem plik\u00f3w cookies oraz podobnych technologii.<\/span><\/p>\n<p class=\"western\" align=\"justify\"><span style=\"font-family: Arial, sans-serif;\"><b>Administrator danych i kontakt do niego.<\/b><\/span><\/p>\n<p class=\"western\" align=\"justify\"><span style=\"font-family: Arial, sans-serif;\">Administratorem danych gromadzonych w zwi\u0105zku z korzystaniem ze strony jest Gminny O\u015brodek Pomocy Spo\u0142ecznej z siedzib\u0105 w Radymnie tel. 16 628 10 05 e-mail gopsradymno@gmail.com W sprawach zwi\u0105zanych z przetwarzaniem Pa\u0144stwa danych przez Administratora mo\u017cna kontaktowa\u0107 si\u0119 z wykorzystaniem powy\u017cszych danych adresowych, lub z wyznaczonym u Administratora Inspektorem ochrony danych na adres e-mail:<i> bezpiecznedane24@gmail.com<\/i><\/span><\/p>\n<p class=\"western\" align=\"justify\"><span style=\"font-family: Arial, sans-serif;\"><b>Zakres zbieranych danych.<\/b><\/span><\/p>\n<p class=\"western\" align=\"justify\"><span style=\"font-family: Arial, sans-serif;\">1. Serwis umo\u017cliwia Pani\/u kontaktowanie si\u0119 z Administratorem i przekazanie mu Pani\/a danych identyfikacyjnych, kontaktowych, a tak\u017ce zwi\u0105zanych z tre\u015bci\u0105 wiadomo\u015bci.<\/span><\/p>\n<p class=\"western\" align=\"justify\"><span style=\"font-family: Arial, sans-serif;\">2. Administrator mo\u017ce gromadzi\u0107 dane zwi\u0105zane z Pani\/a aktywno\u015bci\u0105, jak na przyk\u0142ad czas sp\u0119dzony na stronie, wyszukiwane frazy, liczba wy\u015bwietlonych podstron, data i \u017ar\u00f3d\u0142o wizyty.<\/span><\/p>\n<p class=\"western\" align=\"justify\"><span style=\"font-family: Arial, sans-serif;\"><b>\u0179r\u00f3d\u0142o danych.<\/b><\/span><\/p>\n<p class=\"western\" align=\"justify\"><span style=\"font-family: Arial, sans-serif;\">1. Je\u017celi kontaktowa\u0142a si\u0119 Pani\/Pan z Administratorem, dane zosta\u0142y udost\u0119pnione nam bezpo\u015brednio od Pani\/a.<\/span><\/p>\n<p class=\"western\" align=\"justify\"><span style=\"font-family: Arial, sans-serif;\">2. Je\u017celi Pani\/a dane zosta\u0142y przekazane w zwi\u0105zku z za\u0142atwian\u0105 spraw\u0105 przez osob\u0119, kt\u00f3ra t\u0119 spraw\u0119 skierowa\u0142a do Administratora, to \u017ar\u00f3d\u0142em danych jest ta osoba. W takim wypadku Administrator otrzymuje dane identyfikacyjne, adresowe i zwi\u0105zane ze spraw\u0105, jak opis sprawy. <\/span><\/p>\n<p class=\"western\" align=\"justify\"><span style=\"font-family: Arial, sans-serif;\"><b>Cel i podstawa prawna przetwarzania danych osobowych.<\/b><\/span><\/p>\n<p class=\"western\" align=\"justify\"><span style=\"font-family: Arial, sans-serif;\">Pani\/a dane mog\u0105 by\u0107 przetwarzane w celu:<\/span><\/p>\n<p class=\"western\" align=\"justify\">\u2022<span style=\"font-family: Arial, sans-serif;\"> analizy ruchu sieciowego, zapewnienia bezpiecze\u0144stwa w ramach strony oraz dostosowywania tre\u015bci do potrzeb u\u017cytkownik\u00f3w na podstawie (art. 6 ust. 1 lit. c RODO); przetwarzanie jest niezb\u0119dne do wype\u0142nienia obowi\u0105zku prawnego ci\u0105\u017c\u0105cego na administratorze oraz prawnie uzasadnionego interesu Administratora (art. 6 ust. 1 lit. f RODO);<\/span><\/p>\n<p class=\"western\" align=\"justify\">\u2022<span style=\"font-family: Arial, sans-serif;\"> udzielania odpowiedzi na zadane pytania i prowadzenia korespondencji w celu za\u0142atwienia sprawy, na podstawie przepis\u00f3w (art. 6 ust. 1 lit. c RODO); lub Pani\/a zgody i prawnie uzasadnionego interesu administratora, jakim jest realizowanie \u017c\u0105da\u0144 u\u017cytkownik\u00f3w (art. 6 ust. 1 lit. a i f RODO).<\/span><\/p>\n<p class=\"western\" align=\"justify\"><span style=\"font-family: Arial, sans-serif;\"><b>Prawo do wycofania zgody.<\/b><\/span><\/p>\n<p class=\"western\" align=\"justify\"><span style=\"font-family: Arial, sans-serif;\">Wyra\u017con\u0105 zgod\u0119 na przetwarzanie danych kontaktowych mo\u017ce Pani\/Pan wycofa\u0107 w\u00a0dowolnym momencie kontaktuj\u0105c si\u0119 z Administratorem. Wycofanie zgody mo\u017ce utrudni\u0107 lub uniemo\u017cliwi\u0107 kontakt z Pani\u0105\/em.<\/span><\/p>\n<p class=\"western\" align=\"justify\"><span style=\"font-family: Arial, sans-serif;\"><b>Obowi\u0105zek lub dobrowolno\u015b\u0107 podania danych <\/b><\/span><\/p>\n<p class=\"western\" align=\"justify\"><span style=\"font-family: Arial, sans-serif;\">1. Podanie danych przez Pani\u0105\/a w celach zwi\u0105zanych z obs\u0142ug\u0105 sprawy jest dobrowolne, ale niezb\u0119dne. Ich niepodanie mo\u017ce utrudni\u0107 lub uniemo\u017cliwi\u0107 rozpatrzenie sprawy.<\/span><\/p>\n<p class=\"western\" align=\"justify\"><span style=\"font-family: Arial, sans-serif;\">2. Podanie danych niezb\u0119dnych do analizy statycznej u\u017cytkownik\u00f3w strony jest dobrowolne. Mo\u017ce Pan\/i skorzysta\u0107 z tzw. trybu incognito w celu przegl\u0105dania strony bez udost\u0119pniania Administratorowi informacji o Pani\/a wizycie na naszej stronie. Korzystanie z\u00a0trybu incognito, a zatem niepodanie danych, nie ma wp\u0142ywu na mo\u017cliwo\u015b\u0107 korzystania z\u00a0witryny.<\/span><\/p>\n<p class=\"western\" align=\"justify\"><span style=\"font-family: Arial, sans-serif;\"><b>Uprawnienia wynikaj\u0105ce z RODO w zakresie przetwarzanych danych<\/b><\/span><\/p>\n<p class=\"western\" align=\"justify\"><span style=\"font-family: Arial, sans-serif;\">Ma Pani\/Pan prawo: <\/span><\/p>\n<p class=\"western\" align=\"justify\"><span style=\"font-family: Arial, sans-serif;\">* \u017c\u0105da\u0107 od Administratora wgl\u0105du do Pani\/a danych, a tak\u017ce otrzymania ich kopii (art. 15 RODO);<\/span><\/p>\n<p class=\"western\" align=\"justify\"><span style=\"font-family: Arial, sans-serif;\">* \u017c\u0105da\u0107 od Administratora sprostowania lub poprawienia danych (art. 16 RODO) &#8211; w odniesieniu do \u017c\u0105dania sprostowania danych, gdy zauwa\u017cy Pani\/Pan, \u017ce dane s\u0105 nieprawid\u0142owe lub niekompletne;<\/span><\/p>\n<p class=\"western\" align=\"justify\"><span style=\"font-family: Arial, sans-serif;\">* \u017c\u0105da\u0107 od Administratora usuni\u0119cia danych (art. 17 RODO);<\/span><\/p>\n<p class=\"western\" align=\"justify\"><span style=\"font-family: Arial, sans-serif;\">* \u017c\u0105da\u0107 od Administratora ograniczenia przetwarzania (18 RODO) &#8211; np. gdy zauwa\u017cy Pani\/Pan, \u017ce dane s\u0105 nieprawid\u0142owe &#8211; mo\u017ce Pani\/Pan \u017c\u0105da\u0107 ograniczenia przetwarzania swoich danych na okres pozwalaj\u0105cy nam sprawdzi\u0107 prawid\u0142owo\u015b\u0107 tych danych);<\/span><\/p>\n<p class=\"western\" align=\"justify\"><span style=\"font-family: Arial, sans-serif;\">* wniesienia skargi w zwi\u0105zku z przetwarzaniem przez Administratora Pani\/Pana danych osobowych do Prezesa Urz\u0119du Ochrony Danych Osobowych.<\/span><\/p>\n<p class=\"western\" align=\"justify\"><span style=\"font-family: Arial, sans-serif;\"><b>Odbiorcy Pani\/Pana danych osobowych<\/b><\/span><\/p>\n<p class=\"western\" align=\"justify\"><span style=\"font-family: Arial, sans-serif;\">Odbiorcami Pani\/a danych osobowych mog\u0105 by\u0107 wy\u0142\u0105cznie podmioty, kt\u00f3re uprawnione s\u0105 do ich otrzymania na mocy przepis\u00f3w prawa. Ponadto Pani\/a dane mog\u0105 by\u0107 udost\u0119pnione dostawcy hostingu, serwera poczty, operatorom pocztowym.<\/span><\/p>\n<p class=\"western\" align=\"justify\"><span style=\"font-family: Arial, sans-serif;\"><b>Czas przechowywania danych<\/b><\/span><\/p>\n<p class=\"western\" align=\"justify\"><span style=\"font-family: Arial, sans-serif;\">Pani\/a dane osobowe b\u0119d\u0105 przechowywane do czasu wycofania zgody lub do czasu za\u0142atwienia sprawy, a nast\u0119pnie do up\u0142ywu okresu przedawnienia roszcze\u0144 stron zwi\u0105zanych z jej realizacj\u0105. <\/span><\/p>\n<p class=\"western\" align=\"justify\"><span style=\"font-family: Arial, sans-serif;\">Dane zwi\u0105zane z analiz\u0105 ruchu sieciowego gromadzone za po\u015brednictwem plik\u00f3w cookies oraz podobnych technologii mog\u0105 by\u0107 przechowywane do momentu wyga\u015bni\u0119cia pliku cookie. Niekt\u00f3re pliki cookie nigdy nie wygasaj\u0105, w zwi\u0105zku z tym czas przechowywania danych b\u0119dzie r\u00f3wnowa\u017cny z czasem niezb\u0119dnym administratorowi do zrealizowania cel\u00f3w zwi\u0105zanych z gromadzeniem danych, jak zapewnienie bezpiecze\u0144stwa i analiza danych historycznych zwi\u0105zanych z ruchem na stronie. <\/span><\/p>\n<p class=\"western\" align=\"justify\"><span style=\"font-family: Arial, sans-serif;\"><b>Przekazywanie danych do pa\u0144stwa trzeciego lub organizacji mi\u0119dzynarodowej<\/b><\/span><\/p>\n<p class=\"western\" align=\"justify\"><span style=\"font-family: Arial, sans-serif;\">Pani\/a dane nie b\u0119d\u0105 przekazywane do Pa\u0144stw trzecich ani organizacji mi\u0119dzynarodowych.<\/span><\/p>\n<p class=\"western\"><span style=\"font-family: Arial, sans-serif;\"><b>Wybrane metody ochrony danych stosowane przez Operatora<\/b><\/span><\/p>\n<p class=\"western\"><span style=\"font-family: Arial, sans-serif;\">Strona internetowa posiada aktualny certyfikat SSL. Dzi\u0119ki temu dane osobowe zostaj\u0105 zaszyfrowane w komputerze u\u017cytkownika i mog\u0105 by\u0107 odczytane jedynie na docelowym serwerze.<\/span><\/p>\n<p class=\"western\"><span style=\"font-family: Arial, sans-serif;\">Istotnym elementem ochrony danych jest regularna aktualizacja wszelkiego oprogramowania, wykorzystywanego przez Operatora do przetwarzania danych osobowych, co w szczeg\u00f3lno\u015bci oznacza regularne aktualizacje komponent\u00f3w programistycznych.<\/span><\/p>\n<p class=\"western\" align=\"justify\"><span style=\"font-family: Arial, sans-serif;\"><b>Wykorzystywanie plik\u00f3w cookies oraz podobnych technologii.<\/b><\/span><\/p>\n<p class=\"western\" align=\"justify\"><span style=\"font-family: Arial, sans-serif;\">Nasza strona z wyj\u0105tkiem informacji zawartych w plikach cookies, nie zbiera w spos\u00f3b automatyczny \u017cadnych informacji.\u00a0Strona umo\u017cliwia gromadzenie informacji o u\u017cytkowniku za po\u015brednictwem cookies oraz podobnych technologii, kt\u00f3rych korzystanie najcz\u0119\u015bciej wi\u0105\u017ce si\u0119 z zainstalowaniem tego narz\u0119dzia na urz\u0105dzeniu u\u017cytkownika (komputer, smartfon, itd.). Wykorzystuje si\u0119 te informacje do zapami\u0119tywania decyzji u\u017cytkownika (wyb\u00f3r czcionki, kontrastu, akceptacja polityki), utrzymania sesji u\u017cytkownika, jego wizycie s\u0142u\u017c\u0105ce do zapewnienia bezpiecze\u0144stwa, ale tak\u017ce analizy wizyt i dostosowania tre\u015bci.<\/span><\/p>\n<p class=\"western\" align=\"justify\"><span style=\"font-family: Arial, sans-serif;\">Cookies zazwyczaj zawieraj\u0105 nazw\u0119 strony internetowej, z kt\u00f3rej pochodz\u0105, czas przechowywania ich na urz\u0105dzeniu ko\u0144cowym oraz unikalny numer.<\/span><\/p>\n<p class=\"western\" align=\"justify\"><span style=\"font-family: Arial, sans-serif;\"><br \/>\nW ramach strony stosowane s\u0105 dwa zasadnicze rodzaje plik\u00f3w cookies: \u201esesyjne\u201d (session cookies) oraz \u201esta\u0142e\u201d (persistent cookies). Cookies \u201esesyjne\u201d s\u0105 plikami tymczasowymi, kt\u00f3re przechowywane s\u0105 w urz\u0105dzeniu ko\u0144cowym U\u017cytkownika do czasu wylogowania, opuszczenia strony internetowej lub wy\u0142\u0105czenia oprogramowania (przegl\u0105darki internetowej). \u201eSta\u0142e\u201d pliki cookies przechowywane s\u0105 w urz\u0105dzeniu ko\u0144cowym U\u017cytkownika przez czas okre\u015blony w\u00a0parametrach plik\u00f3w cookies lub do czasu ich usuni\u0119cia przez U\u017cytkownika.<\/span><\/p>\n<p class=\"western\" align=\"justify\"><span style=\"font-family: Arial, sans-serif;\">Informacje pozyskane za po\u015brednictwem cookies oraz podobnych technologii nie s\u0105 \u0142\u0105czone z\u00a0innymi danymi u\u017cytkownik\u00f3w strony, nie s\u0142u\u017c\u0105 te\u017c do ich identyfikacji przez Administratora. <\/span><\/p>\n<p class=\"western\" align=\"justify\"><span style=\"font-family: Arial, sans-serif;\">U\u017cytkownik ma mo\u017cliwo\u015b\u0107 ustawi\u0107 w przegl\u0105darce blokowanie okre\u015blonych rodzaj\u00f3w cookies i innych technologii, poprzez okre\u015blenie na przyk\u0142ad, \u017ce dozwolone b\u0119d\u0105 tylko i wy\u0142\u0105cznie te, kt\u00f3re s\u0105 niezb\u0119dne do poprawnego wy\u015bwietlenia strony. Domy\u015blnie wi\u0119kszo\u015b\u0107 przegl\u0105darek dopuszcza stosowanie wszystkich cookies, jednak u\u017cytkownik ma mo\u017cliwo\u015b\u0107 zmiany tych ustawie\u0144 w dowolnym momencie, mo\u017ce tak\u017ce usun\u0105\u0107 zainstalowane ju\u017c pliki cookies. Ka\u017cda z przegl\u0105darek umo\u017cliwia takie dzia\u0142anie poprzez jedn\u0105 z dost\u0119pnych w\u00a0ustawieniach lub preferencjach opcji.<\/span><\/p>\n<p class=\"western\" align=\"justify\"><span style=\"font-family: Arial, sans-serif;\">U\u017cytkownik ma tak\u017ce mo\u017cliwo\u015b\u0107 korzysta\u0107 ze strony w tzw. trybie incognito, kt\u00f3ry blokuje mo\u017cliwo\u015b\u0107 gromadzenia danych o jego wizycie.<\/span><\/p>\n<p class=\"western\" align=\"justify\"><span style=\"font-family: Arial, sans-serif;\">Korzystanie z serwisu bez zmiany ustawie\u0144 przegl\u0105darki, tzn. z domy\u015blnym akceptowaniem plik\u00f3w cookies i podobnych technologii oznacza zgod\u0119 na ich wykorzystanie do okre\u015blonych powy\u017cej cel\u00f3w. Administrator nie wykorzystuje uzyskanych informacji do cel\u00f3w marketingowych. <\/span><\/p>\n<p class=\"western\"><span style=\"font-family: Arial, sans-serif;\">Je\u015bli u\u017cytkownik nie chce otrzymywa\u0107 plik\u00f3w cookies, mo\u017ce zmieni\u0107 ustawienia przegl\u0105darki. Zastrzegamy, \u017ce wy\u0142\u0105czenie obs\u0142ugi plik\u00f3w cookies niezb\u0119dnych dla proces\u00f3w uwierzytelniania, bezpiecze\u0144stwa, utrzymania preferencji u\u017cytkownika mo\u017ce utrudni\u0107,\u00a0a\u00a0w\u00a0skrajnych przypadkach mo\u017ce uniemo\u017cliwi\u0107 korzystanie ze stron www.<\/span><\/p>\n<p class=\"western\"><span style=\"font-family: Arial, sans-serif;\">W celu zarz\u0105dzania ustawienia cookies wybierz z listy poni\u017cej przegl\u0105dark\u0119 internetow\u0105, kt\u00f3rej u\u017cywasz i post\u0119puj zgodnie z instrukcjami: <\/span><\/p>\n<ol>\n<li style=\"list-style-type: none;\">\n<ul>\n<li>\n<p class=\"western\"><span style=\"color: #ff0000;\"><u><a class=\"western\" href=\"https:\/\/support.microsoft.com\/pl-pl\/help\/10607\/microsoft-edge-view-delete-browser-history\"><span style=\"font-family: Arial, sans-serif;\">Edge<\/span><\/a><\/u><\/span><\/p>\n<\/li>\n<li>\n<p class=\"western\"><span style=\"color: #ff0000;\"><u><a class=\"western\" href=\"https:\/\/support.microsoft.com\/pl-pl\/help\/278835\/how-to-delete-cookie-files-in-internet-explorer\"><span style=\"font-family: Arial, sans-serif;\">Internet Explorer<\/span><\/a><\/u><\/span><\/p>\n<\/li>\n<li>\n<p class=\"western\"><span style=\"color: #ff0000;\"><u><a class=\"western\" href=\"http:\/\/support.google.com\/chrome\/bin\/answer.py?hl=pl&amp;answer=95647\"><span style=\"font-family: Arial, sans-serif;\">Chrome<\/span><\/a><\/u><\/span><\/p>\n<\/li>\n<li>\n<p class=\"western\"><span style=\"color: #ff0000;\"><u><a class=\"western\" href=\"http:\/\/support.apple.com\/kb\/PH5042\"><span style=\"font-family: Arial, sans-serif;\">Safari<\/span><\/a><\/u><\/span><\/p>\n<\/li>\n<li>\n<p class=\"western\"><span style=\"color: #ff0000;\"><u><a class=\"western\" href=\"http:\/\/support.mozilla.org\/pl\/kb\/W%C5%82%C4%85czanie%20i%20wy%C5%82%C4%85czanie%20obs%C5%82ugi%20ciasteczek\"><span style=\"font-family: Arial, sans-serif;\">Firefox<\/span><\/a><\/u><\/span><\/p>\n<\/li>\n<li>\n<p class=\"western\"><span style=\"color: #ff0000;\"><u><a class=\"western\" href=\"http:\/\/help.opera.com\/Windows\/12.10\/pl\/cookies.html\"><span style=\"font-family: Arial, sans-serif;\">Opera<\/span><\/a><\/u><\/span><\/p>\n<\/li>\n<\/ul>\n<\/li>\n<\/ol>\n<p><span style=\"font-family: Arial, sans-serif;\">Urz\u0105dzenia mobilne:<\/span><\/p>\n<ol>\n<li style=\"list-style-type: none;\">\n<ul>\n<li>\n<p class=\"western\"><span style=\"color: #ff0000;\"><u><a class=\"western\" href=\"http:\/\/support.google.com\/chrome\/bin\/answer.py?hl=pl&amp;answer=95647\"><span style=\"font-family: Arial, sans-serif;\">Android<\/span><\/a><\/u><\/span><\/p>\n<\/li>\n<li>\n<p class=\"western\"><span style=\"color: #ff0000;\"><u><a class=\"western\" href=\"http:\/\/support.apple.com\/kb\/HT1677?viewlocale=pl_PL\"><span style=\"font-family: Arial, sans-serif;\">Safari (iOS)<\/span><\/a><\/u><\/span><\/p>\n<\/li>\n<li>\n<p class=\"western\"><span style=\"color: #ff0000;\"><u><a class=\"western\" href=\"http:\/\/www.windowsphone.com\/pl-pl\/how-to\/wp7\/web\/changing-privacy-and-other-browser-settings\"><span style=\"font-family: Arial, sans-serif;\">Windows Phone<\/span><\/a><\/u><\/span><\/p>\n<\/li>\n<\/ul>\n<\/li>\n<\/ol>\n<p class=\"western\" align=\"justify\"><span style=\"font-family: Arial, sans-serif;\">Informacje zachowaniu u\u017cytkownik\u00f3w w serwisie mog\u0105 podlega\u0107 logowaniu. Dane te s\u0105 wykorzystywane w celu administrowania serwisem.<\/span><\/p>\n<p class=\"western\" align=\"justify\"><span style=\"font-family: Arial, sans-serif;\">Serwis jest hostowany (technicznie utrzymywany) na serwerze operatora: <span style=\"color: #3c4858;\"><span style=\"font-size: medium;\">AKARTT \u2013 Artur Krupi\u0144ski, ul. Lwowska 25, 37-550 Radymno<\/span><\/span><\/span><\/p>\n<p class=\"western\" align=\"justify\"><a name=\"_GoBack\"><\/a> <span style=\"font-family: Arial, sans-serif;\">Nasza strona, jak wi\u0119kszo\u015b\u0107 stron internetowych, wykorzystuje funkcje zapewniane przez podmioty trzecie, co wi\u0105\u017ce si\u0119 z\u00a0wykorzystywaniem plik\u00f3w cookies pochodz\u0105cych od tych podmiot\u00f3w.\u00a0\u00a0Mo\u017cemy korzysta\u0107 z technologii: statystyki Google Analytics, Word Press i\u00a0us\u0142ugodawcy hostingu (miejsce przechowywania plik\u00f3w strony), czcionki Google.<\/span><\/p>\n<p class=\"western\" align=\"justify\"><span style=\"font-family: Arial, sans-serif;\"><b>GOPS Radymno nie stosuje profilowania.<\/b><\/span><\/p>\n<p class=\"western\" align=\"justify\"><span style=\"font-family: Arial, sans-serif;\"><b>Strona (Osoba) samodzielnie decyduje o formie kontaktu i zakresie danych, kt\u00f3re podaje:<\/b><\/span><\/p>\n<p class=\"western\" align=\"justify\"><span style=\"font-family: Arial, sans-serif;\">Je\u017celi kontaktujesz si\u0119 z nami metodami podanymi na stronie\u00a0(adres e-mail, telefon) przekazujesz nam swoje dane osobowe i <b>wyra\u017casz zgod\u0119<\/b> na przetwarzanie ich przez nas oraz o\u015bwiadczasz, \u017ce informacje podane przez niego s\u0105 zgodne z prawd\u0105.<\/span><\/p>\n","protected":false},"excerpt":{"rendered":"<p>POLITYKA PRYWATNO\u015aCI Polityka skierowana jest do u\u017cytkownik\u00f3w strony internetowej https:\/\/gopsradymno.pl\/ W\u00a0Polityce zosta\u0142y opisane zasady gromadzenia oraz wykorzystywania danych u\u017cytkownik\u00f3w serwisu, kt\u00f3re s\u0105 gromadzone bezpo\u015brednio od nich lub za po\u015brednictwem plik\u00f3w cookies oraz podobnych technologii. Administrator danych i kontakt do niego. Administratorem danych gromadzonych w zwi\u0105zku z korzystaniem ze strony jest Gminny O\u015brodek Pomocy Spo\u0142ecznej z siedzib\u0105 w Radymnie tel. 16 628 10 05 e-mail gopsradymno@gmail.com W sprawach zwi\u0105zanych z przetwarzaniem Pa\u0144stwa danych przez Administratora mo\u017cna kontaktowa\u0107 si\u0119 z wykorzystaniem powy\u017cszych danych adresowych, lub z wyznaczonym u Administratora Inspektorem ochrony danych na adres e-mail: bezpiecznedane24@gmail.com Zakres zbieranych danych. 1. Serwis umo\u017cliwia\u2026<\/p>\n<p> <a class=\"continue-reading-link\" href=\"https:\/\/gopsradymno.pl\/index.php\/polityka-prywatnosci\/\"><span>Wi\u0119cej<\/span><i class=\"crycon-right-dir\"><\/i><\/a> <\/p>\n","protected":false},"author":2,"featured_media":0,"parent":0,"menu_order":0,"comment_status":"closed","ping_status":"closed","template":"","meta":{"footnotes":""},"class_list":["post-746","page","type-page","status-publish","hentry"],"_links":{"self":[{"href":"https:\/\/gopsradymno.pl\/index.php\/wp-json\/wp\/v2\/pages\/746","targetHints":{"allow":["GET"]}}],"collection":[{"href":"https:\/\/gopsradymno.pl\/index.php\/wp-json\/wp\/v2\/pages"}],"about":[{"href":"https:\/\/gopsradymno.pl\/index.php\/wp-json\/wp\/v2\/types\/page"}],"author":[{"embeddable":true,"href":"https:\/\/gopsradymno.pl\/index.php\/wp-json\/wp\/v2\/users\/2"}],"replies":[{"embeddable":true,"href":"https:\/\/gopsradymno.pl\/index.php\/wp-json\/wp\/v2\/comments?post=746"}],"version-history":[{"count":8,"href":"https:\/\/gopsradymno.pl\/index.php\/wp-json\/wp\/v2\/pages\/746\/revisions"}],"predecessor-version":[{"id":1000,"href":"https:\/\/gopsradymno.pl\/index.php\/wp-json\/wp\/v2\/pages\/746\/revisions\/1000"}],"wp:attachment":[{"href":"https:\/\/gopsradymno.pl\/index.php\/wp-json\/wp\/v2\/media?parent=746"}],"curies":[{"name":"wp","href":"https:\/\/api.w.org\/{rel}","templated":true}]}}