{"id":952,"date":"2025-03-31T20:35:29","date_gmt":"2025-03-31T18:35:29","guid":{"rendered":"https:\/\/gopsradymno.pl\/?page_id=952"},"modified":"2025-03-31T20:35:29","modified_gmt":"2025-03-31T18:35:29","slug":"deklaracja-dostepnosci","status":"publish","type":"page","link":"https:\/\/gopsradymno.pl\/index.php\/deklaracja-dostepnosci\/","title":{"rendered":"Deklaracja dost\u0119pno\u015bci"},"content":{"rendered":"<p>Deklaracja dost\u0119pno\u015bci<\/p>\n<p>Deklaracja dost\u0119pno\u015bci https:\/\/gopsradymno.pl\/<\/p>\n<p>Gminny O\u015brodek Pomocy Spo\u0142ecznej w Radymnie\u00a0zobowi\u0105zuje si\u0119 zapewni\u0107 dost\u0119pno\u015b\u0107 swojej strony internetowej zgodnie z przepisami ustawy z dnia 4\u00a0kwietnia 2019\u00a0r. o\u00a0dost\u0119pno\u015bci cyfrowej stron internetowych i\u00a0aplikacji mobilnych podmiot\u00f3w publicznych. O\u015bwiadczenie w sprawie dost\u0119pno\u015bci ma zastosowanie do strony internetowej\u00a0<a href=\"https:\/\/gopsradymno.pl\/\">https:\/\/gopsradymno.pl\/<\/a>.<\/p>\n<ul>\n<li>Data publikacji strony internetowej:\u00a02017-08-01<\/li>\n<li>Data ostatniej istotnej aktualizacji:\u00a02024-04-05<\/li>\n<\/ul>\n<p>Status pod wzgl\u0119dem zgodno\u015bci z ustaw\u0105<\/p>\n<p>Strona internetowa jest\u00a0<strong>cz\u0119\u015bciowo zgodna<\/strong>\u00a0z\u00a0ustaw\u0105 o\u00a0dost\u0119pno\u015bci cyfrowej stron internetowych i\u00a0aplikacji mobilnych podmiot\u00f3w publicznych z\u00a0powodu niezgodno\u015bci lub wy\u0142\u0105cze\u0144 wymienionych poni\u017cej.<\/p>\n<p>Tre\u015bci niedost\u0119pne<\/p>\n<ul>\n<li>Cz\u0119\u015b\u0107 za\u0142\u0105cznik\u00f3w dokument\u00f3w to skany w formie jedynie plik\u00f3w PDF nie s\u0105 dost\u0119pne cyfrowo<\/li>\n<li>Brak jest opis\u00f3w do grafik i zdj\u0119\u0107 w postaci tekstu alternatywnego dla os\u00f3b korzystaj\u0105cych z czytnik\u00f3w tekstu.<\/li>\n<\/ul>\n<p>Udogodnienia<\/p>\n<p>Na w\/w stronie mo\u017cna u\u017cywa\u0107 standardowych skr\u00f3t\u00f3w klawiszowych przegl\u0105darek. Dodatkowo na stronie dost\u0119pny jest pasek narz\u0119dzi dost\u0119pno\u015bci (prawy g\u00f3rny r\u00f3g) dzi\u0119ki kt\u00f3remu mo\u017cemy:<\/p>\n<ul>\n<li>zwi\u0119kszy\u0107\/zmniejszy\u0107 tekst<\/li>\n<li>przekszta\u0142ci\u0107 stron\u0119 na skale odcieni szaro\u015bci<\/li>\n<li>zwi\u0119kszy\u0107 kontrast<\/li>\n<li>zmieni\u0107 w negatywny kontrast<\/li>\n<li>rozja\u015bni\u0107 t\u0142o<\/li>\n<li>podkre\u015bli\u0107 odno\u015bniki (hiper\u0142\u0105cza)<\/li>\n<li>zwi\u0119kszy\u0107 czytelno\u015b\u0107 czcionki (powi\u0119kszenie bez zmiany struktury bazowej)<\/li>\n<\/ul>\n<p>Przygotowanie deklaracji w sprawie dost\u0119pno\u015bci<\/p>\n<ul>\n<li>Deklaracj\u0119 sporz\u0105dzono dnia:\u00a02025-01-16<\/li>\n<li>Deklaracj\u0119 zosta\u0142a ostatnio poddana przegl\u0105dowi i aktualizacji dnia:\u00a02024-04-05<\/li>\n<\/ul>\n<p>Deklaracj\u0119 sporz\u0105dzono na podstawie samooceny.<\/p>\n<p>Informacje zwrotne i dane kontaktowe<\/p>\n<ul>\n<li>Za rozpatrywanie uwag i wniosk\u00f3w odpowiada:\u00a0Kierownik jednostki<\/li>\n<li>E-mail:\u00a0gops@gopsradymno.pl<\/li>\n<li>Telefon:\u00a0(16) 628 10 05<\/li>\n<\/ul>\n<p>Ka\u017cdy ma prawo:<\/p>\n<ul>\n<li>zg\u0142osi\u0107 uwagi dotycz\u0105ce dost\u0119pno\u015bci cyfrowej strony lub jej elementu,<\/li>\n<li>zg\u0142osi\u0107 \u017c\u0105danie zapewnienia dost\u0119pno\u015bci cyfrowej strony lub jej elementu,<\/li>\n<li>wnioskowa\u0107 o udost\u0119pnienie niedost\u0119pnej informacji w innej alternatywnej formie.<\/li>\n<\/ul>\n<p>\u017b\u0105danie musi zawiera\u0107:<\/p>\n<ul>\n<li>dane kontaktowe osoby zg\u0142aszaj\u0105cej,<\/li>\n<li>wskazanie strony lub elementu strony, kt\u00f3rej dotyczy \u017c\u0105danie,<\/li>\n<li>wskazanie dogodnej formy udost\u0119pnienia informacji, je\u015bli \u017c\u0105danie dotyczy udost\u0119pnienia w formie alternatywnej informacji niedost\u0119pnej.<\/li>\n<\/ul>\n<p>Rozpatrzenie zg\u0142oszenia powinno nast\u0105pi\u0107 niezw\u0142ocznie, najp\u00f3\u017aniej w ci\u0105gu 7 dni. Je\u015bli w tym terminie zapewnienie dost\u0119pno\u015bci albo zapewnienie dost\u0119pu w alternatywnej formie nie jest mo\u017cliwe, powinno nast\u0105pi\u0107 najdalej w ci\u0105gu 2 miesi\u0119cy od daty zg\u0142oszenia.<\/p>\n<p>Skargi i odwo\u0142ania<\/p>\n<p>Na niedotrzymanie tych termin\u00f3w oraz na odmow\u0119 realizacji \u017c\u0105dania mo\u017cna z\u0142o\u017cy\u0107 skarg\u0119 do organu nadzoruj\u0105cego poczt\u0105 lub drog\u0105 elektroniczn\u0105 na adres:<\/p>\n<ul>\n<li>Organ nadzoruj\u0105cy: Kierownik Gminnego O\u015brodka Pomocy Spo\u0142ecznej w Radymnie<\/li>\n<li>Adres: Gminny O\u015brodek Pomocy Spo\u0142ecznej w Radymnie<\/li>\n<li>E-mail: <a href=\"mailto:gops@gopsradymno.pl\">gops@gopsradymno.pl<\/a><\/li>\n<li>Telefon: (16) 628 10 05<\/li>\n<\/ul>\n<p>Skarg\u0119 mo\u017cna z\u0142o\u017cy\u0107 r\u00f3wnie\u017c do\u00a0<a href=\"https:\/\/www.rpo.gov.pl\/content\/jak-zglosic-sie-do-rzecznika-praw-obywatelskich\">Rzecznika Praw Obywatelskich<\/a>.<\/p>\n<p>Dost\u0119pno\u015b\u0107 architektoniczna<\/p>\n<p>Gminny O\u015brodek Pomocy Spo\u0142ecznej w Radymnie, ul. Lwowska 38,\u00a0 37-550 Radymno.<\/p>\n<p>Siedziba O\u015brodka mie\u015bci si\u0119 na parterze w budynku Urz\u0119du Gminy Radymno. Dojazd i dost\u0119p do budynku jest utwardzony. Do budynku prowadz\u0105 2 wej\u015bcia (g\u0142\u00f3wne i boczne) ze schodami. Przy wej\u015bciu g\u0142\u00f3wnym znajduj\u0105 si\u0119 schody wraz z por\u0119czami oraz z lewej strony schod\u00f3w znajduje si\u0119 podjazd dla w\u00f3zk\u00f3w inwalidzkich wraz z por\u0119czami. Przy wej\u015bciu bocznym znajduj\u0105 si\u0119 schody z por\u0119czami bez podjazdu. Szeroko\u015b\u0107 drzwi wej\u015bciowych przy wej\u015bciu g\u0142\u00f3wnym jest dostosowana dla os\u00f3b poruszaj\u0105cych si\u0119 na w\u00f3zkach inwalidzkich. Do siedziby O\u015brodka prowadzi szeroki korytarz umo\u017cliwiaj\u0105cy swobodne poruszanie si\u0119, w \u015brodku budynku nie ma prog\u00f3w. Toaleta znajduje si\u0119 na parterze budynku. Przed budynkiem znajduje si\u0119 parking gdzie wyznaczono miejsce parkingowe dla os\u00f3b z niepe\u0142nosprawno\u015bciami, kt\u00f3re znajduje si\u0119 przy podje\u017adzie przy wej\u015bciu g\u0142\u00f3wnym do budynku. W budynku Urz\u0119du Gminy gdzie mie\u015bci si\u0119 Gminny O\u015brodek Pomocy Spo\u0142ecznej w Radymnie nie ma oznacze\u0144 w alfabecie brajla ani oznacze\u0144 kontrastowych lub w druku powi\u0119kszonym dla os\u00f3b niewidomych i s\u0142abo widz\u0105cych. W budynku nie ma p\u0119tli indukcyjnych. Do O\u015brodka i wszystkich pomieszcze\u0144 mo\u017cna wej\u015b\u0107 z psem asystuj\u0105cym i psem przewodnikiem. W O\u015brodku nie mo\u017cna skorzysta\u0107 z t\u0142umacza polskiego j\u0119zyka migowego.<\/p>\n<p>&nbsp;<\/p>\n\n\n<div data-wp-interactive=\"core\/file\" class=\"wp-block-file\"><object data-wp-bind--hidden=\"!state.hasPdfPreview\" hidden class=\"wp-block-file__embed\" data=\"https:\/\/gopsradymno.pl\/wp-content\/uploads\/2025\/03\/Raport-o-stanie-zapewniania-dostepnosci-podmiotu-publicznego.pdf\" type=\"application\/pdf\" style=\"width:100%;height:600px\" aria-label=\"Osadzone z Raport o stanie zapewniania dost\u0119pno\u015bci podmiotu publicznego.\"><\/object><a id=\"wp-block-file--media-18f74a30-b20f-4377-a749-0b309f601b89\" href=\"https:\/\/gopsradymno.pl\/wp-content\/uploads\/2025\/03\/Raport-o-stanie-zapewniania-dostepnosci-podmiotu-publicznego.pdf\">Raport o stanie zapewniania dost\u0119pno\u015bci podmiotu publicznego<\/a><a href=\"https:\/\/gopsradymno.pl\/wp-content\/uploads\/2025\/03\/Raport-o-stanie-zapewniania-dostepnosci-podmiotu-publicznego.pdf\" class=\"wp-block-file__button wp-element-button\" download aria-describedby=\"wp-block-file--media-18f74a30-b20f-4377-a749-0b309f601b89\">Pobierz<\/a><\/div>\n","protected":false},"excerpt":{"rendered":"<p>Deklaracja dost\u0119pno\u015bci Deklaracja dost\u0119pno\u015bci https:\/\/gopsradymno.pl\/ Gminny O\u015brodek Pomocy Spo\u0142ecznej w Radymnie\u00a0zobowi\u0105zuje si\u0119 zapewni\u0107 dost\u0119pno\u015b\u0107 swojej strony internetowej zgodnie z przepisami ustawy z dnia 4\u00a0kwietnia 2019\u00a0r. o\u00a0dost\u0119pno\u015bci cyfrowej stron internetowych i\u00a0aplikacji mobilnych podmiot\u00f3w publicznych. O\u015bwiadczenie w sprawie dost\u0119pno\u015bci ma zastosowanie do strony internetowej\u00a0https:\/\/gopsradymno.pl\/. Data publikacji strony internetowej:\u00a02017-08-01 Data ostatniej istotnej aktualizacji:\u00a02024-04-05 Status pod wzgl\u0119dem zgodno\u015bci z ustaw\u0105 Strona internetowa jest\u00a0cz\u0119\u015bciowo zgodna\u00a0z\u00a0ustaw\u0105 o\u00a0dost\u0119pno\u015bci cyfrowej stron internetowych i\u00a0aplikacji mobilnych podmiot\u00f3w publicznych z\u00a0powodu niezgodno\u015bci lub wy\u0142\u0105cze\u0144 wymienionych poni\u017cej. Tre\u015bci niedost\u0119pne Cz\u0119\u015b\u0107 za\u0142\u0105cznik\u00f3w dokument\u00f3w to skany w formie jedynie plik\u00f3w PDF nie s\u0105 dost\u0119pne cyfrowo Brak jest opis\u00f3w do grafik i zdj\u0119\u0107 w postaci tekstu\u2026<\/p>\n<p> <a class=\"continue-reading-link\" href=\"https:\/\/gopsradymno.pl\/index.php\/deklaracja-dostepnosci\/\"><span>Wi\u0119cej<\/span><i class=\"crycon-right-dir\"><\/i><\/a> <\/p>\n","protected":false},"author":2,"featured_media":1322,"parent":0,"menu_order":0,"comment_status":"closed","ping_status":"closed","template":"","meta":{"footnotes":""},"class_list":["post-952","page","type-page","status-publish","has-post-thumbnail","hentry"],"_links":{"self":[{"href":"https:\/\/gopsradymno.pl\/index.php\/wp-json\/wp\/v2\/pages\/952","targetHints":{"allow":["GET"]}}],"collection":[{"href":"https:\/\/gopsradymno.pl\/index.php\/wp-json\/wp\/v2\/pages"}],"about":[{"href":"https:\/\/gopsradymno.pl\/index.php\/wp-json\/wp\/v2\/types\/page"}],"author":[{"embeddable":true,"href":"https:\/\/gopsradymno.pl\/index.php\/wp-json\/wp\/v2\/users\/2"}],"replies":[{"embeddable":true,"href":"https:\/\/gopsradymno.pl\/index.php\/wp-json\/wp\/v2\/comments?post=952"}],"version-history":[{"count":4,"href":"https:\/\/gopsradymno.pl\/index.php\/wp-json\/wp\/v2\/pages\/952\/revisions"}],"predecessor-version":[{"id":1330,"href":"https:\/\/gopsradymno.pl\/index.php\/wp-json\/wp\/v2\/pages\/952\/revisions\/1330"}],"wp:featuredmedia":[{"embeddable":true,"href":"https:\/\/gopsradymno.pl\/index.php\/wp-json\/wp\/v2\/media\/1322"}],"wp:attachment":[{"href":"https:\/\/gopsradymno.pl\/index.php\/wp-json\/wp\/v2\/media?parent=952"}],"curies":[{"name":"wp","href":"https:\/\/api.w.org\/{rel}","templated":true}]}}